{"id":708,"date":"2014-11-24T15:37:15","date_gmt":"2014-11-24T14:37:15","guid":{"rendered":"http:\/\/test.eurocasellari.it\/?page_id=708"},"modified":"2017-02-10T15:04:18","modified_gmt":"2017-02-10T14:04:18","slug":"index","status":"publish","type":"page","link":"https:\/\/eurocasellari.it\/de\/","title":{"rendered":"Eurocasellari Cassette Postali in Legno &#8211; Cassette Postali in Alluminio"},"content":{"rendered":"<div class=\"wpb-content-wrapper\">[vc_row][vc_column][rev_slider_vc alias=&#8220;slider2&#8243;]<div class=\"vcex-spacing wpex-w-100 wpex-clear\"><\/div><div class=\"vcex-spacing wpex-w-100 wpex-clear\" style=\"height:10px;\"><\/div>[vc_row_inner][vc_column_inner width=&#8220;5\/6&#8243;][vc_column_text]\n<h1 style=\"text-align: center;\"><span style=\"color: #06334e; font-size: 18px;\"><strong>BRIEFK\u00c4STEN AUS HOLZ \u2013 BRIEFK\u00c4STEN AUS ALUMINIUM \u2013 SCHAUK\u00c4STEN \u2013 UNTERSCHIEDLICHE SCHUTZABDECKUNGEN<\/strong><\/span><\/h1>\n[\/vc_column_text]<div class=\"vcex-module vcex-divider vcex-divider-solid vcex-divider-center wpex-mx-auto wpex-max-w-100 wpex-block wpex-h-0 wpex-border-b wpex-border-solid wpex-border-main\" style=\"width:30%;border-bottom-width:3px;border-color:#f17600;\"><\/div><div class=\"vcex-spacing wpex-w-100 wpex-clear\" style=\"height:40px;\"><\/div>[vc_column_text css_animation=&#8220;bottom-to-top&#8220;]\n<p style=\"text-align: justify;\"><span style=\"font-size: 16px;\">Eurocasellari ist in Rom das f\u00fchrende Unternehmen f\u00fcr die Herstellung und <strong><span style=\"color: #ff6600;\">Montage von Briefk\u00e4sten aus Holz und Aluminium sowie von Schauk\u00e4sten<\/span>.<\/strong> Seit Beginn basiert sich die Arbeitsweise unseres Unternehmens auf K\u00f6nnen und Leidenschaft. Hierdurch erw\u00e4chst die F\u00e4higkeit unsere Produkte stetig zu verbessern.<\/span><\/p>\n<p style=\"text-align: justify;\"><span style=\"font-size: 16px;\">Dank der Suche <span style=\"color: #ff6600;\"><strong>nach immer innovativeren und leistungsst\u00e4rkeren Materialien haben wir immer unser Ziel erreicht<\/strong>.<\/span> Dies sind Produkte von h\u00f6chster Qualit\u00e4t und Sicherheit mit interessantem Design, die gleichzeitig umweltvertr\u00e4glich sind.<\/span><\/p>\n<p style=\"text-align: justify;\"><span style=\"font-size: 16px;\">Heute ist Eurocasellari ein Unternehmen, das sich daf\u00fcr einsetzt, die Qualit\u00e4t von <span style=\"color: #ff6600;\"><strong>handgefertigten Produkten zu verbessern<\/strong>.<\/span> Eurocasellari bietet eine breite Auswahl an Briefk\u00e4sten f\u00fcr den Innen- oder Au\u00dfenbereich zum Aufh\u00e4ngen oder Einbauen und Schauk\u00e4sten aus Aluminium, Plexiglas, Holz, Laminat, PVC oder Eisen.<\/span><\/p>\n<p style=\"text-align: justify;\"><span style=\"font-size: 16px;\"><strong><span style=\"color: #ff6600;\">Qualit\u00e4t und Design f\u00fcr ein 100% handgemachtes Produkt aus Italien<\/span><\/strong> Im Verlauf der Jahre arbeitet Eurocasellari bereits mit Beh\u00f6rden, Fitnessstudios, Vereinen und privaten Unternehmen in ganz Roma und Umgebung zusammen.<\/span><\/p>\n[\/vc_column_text]<div class=\"vcex-spacing wpex-w-100 wpex-clear\" style=\"height:60px;\"><\/div>[vc_column_text]\n<h1 style=\"text-align: center;\"><span style=\"color: #06334e; font-size: 18px;\"><strong>SCHNELLE UND KOSTENLOSE BERATUNG \u00a0<\/strong><\/span><\/h1>\n[\/vc_column_text][\/vc_column_inner][vc_column_inner width=&#8220;1\/6&#8243;][vc_widget_sidebar sidebar_id=&#8220;tedescoside&#8220;][\/vc_column_inner][\/vc_row_inner][\/vc_column][\/vc_row][vc_row tablet_fullwidth_cols=&#8220;yes&#8220; bg_color=&#8220;#f2f2f2&#8243; bg_style=&#8220;stretch&#8220; min_height=&#8220;400px&#8220;][vc_column]<div class=\"vcex-spacing wpex-w-100 wpex-clear\" style=\"height:20px;\"><\/div>[vc_column_text]\n<h1 style=\"text-align: center;\"><span style=\"font-size: 21px; color: #06334e; font-family: verdana, geneva;\">UNSERE PRODUKTE<\/span><\/h1>\n[\/vc_column_text]<div class=\"vcex-spacing wpex-w-100 wpex-clear\" style=\"height:10px;\"><\/div><div class=\"vcex-module vcex-divider vcex-divider-solid vcex-divider-center wpex-mx-auto wpex-max-w-100 wpex-block wpex-h-0 wpex-border-b wpex-border-solid wpex-border-main\" style=\"width:10%;border-bottom-width:3px;border-color:#f17600;\"><\/div><div class=\"vcex-spacing wpex-w-100 wpex-clear\" style=\"height:20px;\"><\/div>[vc_row_inner][vc_column_inner width=&#8220;1\/3&#8243;][vc_single_image image=&#8220;754&#8243; onclick=&#8220;custom_link&#8220; link=&#8220;http:\/\/www.eurocasellari.it\/de\/cassette-postali-legno\/&#8220;]<div class=\"vcex-spacing wpex-w-100 wpex-clear\" style=\"height:20px;\"><\/div>[vc_column_text]\n<p style=\"text-align: center;\"><span style=\"font-size: 22px; color: #06334e; font-family: verdana, geneva;\">Modelle aus <strong>Holz<\/strong><\/span><\/p>\n[\/vc_column_text]<div class=\"vcex-spacing wpex-w-100 wpex-clear\" style=\"height:20px;\"><\/div>[vc_column_text]\n<p style=\"text-align: justify;\"><span style=\"font-size: 14px; font-family: helvetica;\">Briefk\u00e4sten gefertigt aus Holz. Qualitativ hochwertige, elegante und originelle L\u00f6sungen. Das Produkt kann bez\u00fcglich Farbe und Abmessung vollst\u00e4ndig dem Kundenbedarf angepasst werden.<\/span><\/p>\n[\/vc_column_text][\/vc_column_inner][vc_column_inner width=&#8220;1\/3&#8243;][vc_single_image image=&#8220;755&#8243; onclick=&#8220;custom_link&#8220; link=&#8220;http:\/\/www.eurocasellari.it\/de\/cassette-postali-alluminio\/&#8220;]<div class=\"vcex-spacing wpex-w-100 wpex-clear\" style=\"height:20px;\"><\/div>[vc_column_text]\n<p style=\"text-align: center;\"><span style=\"font-size: 22px; color: #06334e; font-family: verdana, geneva;\">Modelle aus <strong>Aluminium <\/strong><\/span><\/p>\n[\/vc_column_text]<div class=\"vcex-spacing wpex-w-100 wpex-clear\" style=\"height:20px;\"><\/div>[vc_column_text]\n<p style=\"text-align: justify;\"><span style=\"font-size: 14px; font-family: helvetica;\">Briefk\u00e4sten aus Aluminium f\u00fcr den Innen- und Au\u00dfenbereich. Die Briefk\u00e4sten sind sicher und widerstandsf\u00e4hig auch gegen Wettereinfluss. Farben und Ma\u00dfe k\u00f6nnen kundenspezifisch angepasst werden.<\/span><\/p>\n[\/vc_column_text][\/vc_column_inner][vc_column_inner width=&#8220;1\/3&#8243;][vc_single_image image=&#8220;756&#8243; alignment=&#8220;none&#8220; onclick=&#8220;custom_link&#8220; link=&#8220;\/wp-content\/uploads\/2014\/11\/Eurocasellari.pdf&#8220;]<div class=\"vcex-spacing wpex-w-100 wpex-clear\" style=\"height:20px;\"><\/div>[vc_column_text]\n<p style=\"text-align: center;\"><span style=\"font-size: 22px; font-family: verdana, geneva;\">Den\u00a0<strong><a href=\"\/wp-content\/uploads\/2014\/11\/Eurocasellari.pdf\">Katalog 2015 <\/a>\u00a0<\/strong>herunterladen<\/span><\/p>\n[\/vc_column_text]<div class=\"vcex-spacing wpex-w-100 wpex-clear\" style=\"height:20px;\"><\/div>[vc_column_text]\n<p style=\"text-align: justify;\"><span style=\"font-size: 14px; font-family: helvetica;\">Aktualisierung, Design, Details und qualitativ erstklassige Materialien. Den Katalog herunterladen, unsere Produkte kennenlernen und verstehen, warum wir die Besten in Europa sind.<\/span><\/p>\n[\/vc_column_text][\/vc_column_inner][\/vc_row_inner][\/vc_column][\/vc_row][vc_row][vc_column]<div class=\"vcex-spacing wpex-w-100 wpex-clear\" style=\"height:20px;\"><\/div>[vc_text_separator title=&#8220;Referenzen&#8220; title_align=&#8220;separator_align_left&#8220; style=&#8220;one&#8220; element_type=&#8220;div&#8220; font_size=&#8220;20px&#8220; span_color=&#8220;#ff6600&#8243;][\/vc_column][\/vc_row]\n<\/div>","protected":false},"excerpt":{"rendered":"<p>[vc_row][vc_column][rev_slider_vc alias=&#8220;slider2&#8243;][vc_row_inner][vc_column_inner width=&#8220;5\/6&#8243;][vc_column_text] BRIEFK\u00c4STEN AUS HOLZ \u2013 BRIEFK\u00c4STEN AUS ALUMINIUM \u2013 SCHAUK\u00c4STEN \u2013 UNTERSCHIEDLICHE SCHUTZABDECKUNGEN [\/vc_column_text][vc_column_text css_animation=&#8220;bottom-to-top&#8220;] Eurocasellari ist in Rom das f\u00fchrende Unternehmen f\u00fcr die Herstellung und Montage von Briefk\u00e4sten aus Holz und Aluminium sowie von Schauk\u00e4sten. Seit Beginn basiert sich die Arbeitsweise unseres Unternehmens auf K\u00f6nnen und Leidenschaft. Hierdurch erw\u00e4chst die F\u00e4higkeit unsere&hellip;<\/p>\n","protected":false},"author":3,"featured_media":0,"parent":0,"menu_order":0,"comment_status":"closed","ping_status":"closed","template":"","meta":{"_joinchat":[],"footnotes":""},"class_list":["post-708","page","type-page","status-publish","hentry","entry","no-media"],"yoast_head":"<!-- This site is optimized with the Yoast SEO plugin v27.3 - https:\/\/yoast.com\/product\/yoast-seo-wordpress\/ -->\n<title>Eurocasellari Cassette Postali in Legno - Cassette Postali in Alluminio - Eurocasellari<\/title>\n<meta name=\"description\" content=\"Eurocasellari - Azienda leader per la produzione di Cassette Postali in Legno - Cassette Postali in Alluminio\" \/>\n<meta name=\"robots\" content=\"index, follow, max-snippet:-1, max-image-preview:large, max-video-preview:-1\" \/>\n<link rel=\"canonical\" href=\"https:\/\/eurocasellari.it\/de\/\" \/>\n<meta property=\"og:locale\" content=\"de_DE\" \/>\n<meta property=\"og:type\" content=\"article\" \/>\n<meta property=\"og:title\" content=\"Eurocasellari Cassette Postali in Legno - Cassette Postali in Alluminio - Eurocasellari\" \/>\n<meta property=\"og:description\" content=\"Eurocasellari - Azienda leader per la produzione di Cassette Postali in Legno - Cassette Postali in Alluminio\" \/>\n<meta property=\"og:url\" content=\"https:\/\/eurocasellari.it\/de\/\" \/>\n<meta property=\"og:site_name\" content=\"Eurocasellari\" \/>\n<meta property=\"article:modified_time\" content=\"2017-02-10T14:04:18+00:00\" \/>\n<meta name=\"twitter:label1\" content=\"Gesch\u00e4tzte Lesezeit\" \/>\n\t<meta name=\"twitter:data1\" content=\"3\u00a0Minuten\" \/>\n<script type=\"application\/ld+json\" class=\"yoast-schema-graph\">{\"@context\":\"https:\\\/\\\/schema.org\",\"@graph\":[{\"@type\":\"WebPage\",\"@id\":\"https:\\\/\\\/eurocasellari.it\\\/de\\\/\",\"url\":\"https:\\\/\\\/eurocasellari.it\\\/de\\\/\",\"name\":\"Eurocasellari Cassette Postali in Legno - Cassette Postali in Alluminio - Eurocasellari\",\"isPartOf\":{\"@id\":\"https:\\\/\\\/eurocasellari.it\\\/#website\"},\"datePublished\":\"2014-11-24T14:37:15+00:00\",\"dateModified\":\"2017-02-10T14:04:18+00:00\",\"description\":\"Eurocasellari - Azienda leader per la produzione di Cassette Postali in Legno - Cassette Postali in Alluminio\",\"breadcrumb\":{\"@id\":\"https:\\\/\\\/eurocasellari.it\\\/de\\\/#breadcrumb\"},\"inLanguage\":\"de\",\"potentialAction\":[{\"@type\":\"ReadAction\",\"target\":[\"https:\\\/\\\/eurocasellari.it\\\/de\\\/\"]}]},{\"@type\":\"BreadcrumbList\",\"@id\":\"https:\\\/\\\/eurocasellari.it\\\/de\\\/#breadcrumb\",\"itemListElement\":[{\"@type\":\"ListItem\",\"position\":1,\"name\":\"Home\",\"item\":\"https:\\\/\\\/eurocasellari.it\\\/de\\\/\"},{\"@type\":\"ListItem\",\"position\":2,\"name\":\"Eurocasellari&hellip;\"}]},{\"@type\":\"WebSite\",\"@id\":\"https:\\\/\\\/eurocasellari.it\\\/#website\",\"url\":\"https:\\\/\\\/eurocasellari.it\\\/\",\"name\":\"Eurocasellari\",\"description\":\"Cassette postali - Bacheche - Riparazioni Tecniche\",\"potentialAction\":[{\"@type\":\"SearchAction\",\"target\":{\"@type\":\"EntryPoint\",\"urlTemplate\":\"https:\\\/\\\/eurocasellari.it\\\/?s={search_term_string}\"},\"query-input\":{\"@type\":\"PropertyValueSpecification\",\"valueRequired\":true,\"valueName\":\"search_term_string\"}}],\"inLanguage\":\"de\"}]}<\/script>\n<!-- \/ Yoast SEO plugin. -->","yoast_head_json":{"title":"Eurocasellari Cassette Postali in Legno - Cassette Postali in Alluminio - Eurocasellari","description":"Eurocasellari - Azienda leader per la produzione di Cassette Postali in Legno - Cassette Postali in Alluminio","robots":{"index":"index","follow":"follow","max-snippet":"max-snippet:-1","max-image-preview":"max-image-preview:large","max-video-preview":"max-video-preview:-1"},"canonical":"https:\/\/eurocasellari.it\/de\/","og_locale":"de_DE","og_type":"article","og_title":"Eurocasellari Cassette Postali in Legno - Cassette Postali in Alluminio - Eurocasellari","og_description":"Eurocasellari - Azienda leader per la produzione di Cassette Postali in Legno - Cassette Postali in Alluminio","og_url":"https:\/\/eurocasellari.it\/de\/","og_site_name":"Eurocasellari","article_modified_time":"2017-02-10T14:04:18+00:00","twitter_misc":{"Gesch\u00e4tzte Lesezeit":"3\u00a0Minuten"},"schema":{"@context":"https:\/\/schema.org","@graph":[{"@type":"WebPage","@id":"https:\/\/eurocasellari.it\/de\/","url":"https:\/\/eurocasellari.it\/de\/","name":"Eurocasellari Cassette Postali in Legno - Cassette Postali in Alluminio - Eurocasellari","isPartOf":{"@id":"https:\/\/eurocasellari.it\/#website"},"datePublished":"2014-11-24T14:37:15+00:00","dateModified":"2017-02-10T14:04:18+00:00","description":"Eurocasellari - Azienda leader per la produzione di Cassette Postali in Legno - Cassette Postali in Alluminio","breadcrumb":{"@id":"https:\/\/eurocasellari.it\/de\/#breadcrumb"},"inLanguage":"de","potentialAction":[{"@type":"ReadAction","target":["https:\/\/eurocasellari.it\/de\/"]}]},{"@type":"BreadcrumbList","@id":"https:\/\/eurocasellari.it\/de\/#breadcrumb","itemListElement":[{"@type":"ListItem","position":1,"name":"Home","item":"https:\/\/eurocasellari.it\/de\/"},{"@type":"ListItem","position":2,"name":"Eurocasellari&hellip;"}]},{"@type":"WebSite","@id":"https:\/\/eurocasellari.it\/#website","url":"https:\/\/eurocasellari.it\/","name":"Eurocasellari","description":"Cassette postali - Bacheche - Riparazioni Tecniche","potentialAction":[{"@type":"SearchAction","target":{"@type":"EntryPoint","urlTemplate":"https:\/\/eurocasellari.it\/?s={search_term_string}"},"query-input":{"@type":"PropertyValueSpecification","valueRequired":true,"valueName":"search_term_string"}}],"inLanguage":"de"}]}},"_links":{"self":[{"href":"https:\/\/eurocasellari.it\/de\/wp-json\/wp\/v2\/pages\/708","targetHints":{"allow":["GET"]}}],"collection":[{"href":"https:\/\/eurocasellari.it\/de\/wp-json\/wp\/v2\/pages"}],"about":[{"href":"https:\/\/eurocasellari.it\/de\/wp-json\/wp\/v2\/types\/page"}],"author":[{"embeddable":true,"href":"https:\/\/eurocasellari.it\/de\/wp-json\/wp\/v2\/users\/3"}],"replies":[{"embeddable":true,"href":"https:\/\/eurocasellari.it\/de\/wp-json\/wp\/v2\/comments?post=708"}],"version-history":[{"count":74,"href":"https:\/\/eurocasellari.it\/de\/wp-json\/wp\/v2\/pages\/708\/revisions"}],"predecessor-version":[{"id":4181,"href":"https:\/\/eurocasellari.it\/de\/wp-json\/wp\/v2\/pages\/708\/revisions\/4181"}],"wp:attachment":[{"href":"https:\/\/eurocasellari.it\/de\/wp-json\/wp\/v2\/media?parent=708"}],"curies":[{"name":"wp","href":"https:\/\/api.w.org\/{rel}","templated":true}]}}